{"id":5,"date":"2011-11-14T09:05:16","date_gmt":"2011-11-14T09:05:16","guid":{"rendered":"http:\/\/hekla.nu\/?page_id=5"},"modified":"2025-12-10T20:18:46","modified_gmt":"2025-12-10T20:18:46","slug":"citatlista","status":"publish","type":"page","link":"https:\/\/hekla.nu\/?page_id=5","title":{"rendered":"Citatlista"},"content":{"rendered":"<p><strong>Helena<\/strong>: Vi ska flyga flygplan Freja!<br \/>\n<strong>Freja<\/strong>: H\u00e4mta stege!<\/p>\n<p>&#8212;&#8212;&#8212;&#8212;&#8212;<\/p>\n<p><strong>Felicia:<\/strong> Om jag gl\u00f6mmer s\u00e5 s\u00e4ger jag till!<\/p>\n<p>&#8212;&#8212;&#8212;&#8212;&#8212;<\/p>\n<p><strong>Young:<\/strong> \u00c4h, lite krigsbrott har v\u00e4l ingen d\u00f6tt av?<\/p>\n<p>&#8212;&#8212;&#8212;&#8212;&#8212;<\/p>\n<p><strong>Aleks<\/strong>: Jag \u00e4r f\u00f6r cool f\u00f6r att snubbla.<\/p>\n<p>&#8212;&#8212;&#8212;&#8212;&#8212;<\/p>\n<p><strong>Helena: <\/strong>Jag pluggar mode, s\u00e5 jag kan inte s\u00e4ga s\u00e5 mycket.<strong><br \/>\n<\/strong><\/p>\n<p>&#8212;&#8212;&#8212;&#8212;&#8212;<\/p>\n<p style=\"text-align: left;\"><strong>Helena:&nbsp;<\/strong>D\u00e4r st\u00e5r alla och k\u00f6ar till horhuset.<\/p>\n<p>&#8212;&#8212;&#8212;&#8212;&#8212;<\/p>\n<p style=\"text-align: left;\"><strong>acthungbitte<\/strong>: du skulle lika g\u00e4rna, och mer korrekt kunna p\u00e5st\u00e5 att en minskad ben\u00e4genhet att d\u00f6 i v\u00e5ldsamma strider med mammutar \u00f6kar risken f\u00f6r sjukdomar.<\/p>\n<p style=\"text-align: left;\">&#8212;&#8212;&#8212;&#8212;&#8212;<\/p>\n<p style=\"text-align: left;\"><strong>Helena:&nbsp;<\/strong>Jag sitter h\u00e4r och t\u00e4nker p\u00e5 att k\u00f6ra nykter. Vilket jag ALDRIG gjort.<\/p>\n<p>&#8212;&#8212;&#8212;&#8212;&#8212;<\/p>\n<p><strong>Helena:<\/strong> Hon var illojal!<br \/>\n<strong>Klas:&nbsp;<\/strong>Och illojala ska avr\u00e4ttas?<br \/>\n<strong>Helena: <\/strong>Ja.<\/p>\n<p>&#8212;&#8212;&#8212;&#8212;&#8212;<\/p>\n<p><strong>zlem<\/strong>: ah retucha m\u00f6bler&#8230; vad skapar det f\u00f6r bild och ideal f\u00f6r m\u00f6bler?! kan inte m\u00f6bler f\u00e5 vara som dom \u00e4r?! vad \u00e4r det f\u00f6r fel p\u00e5 natruligt?!<br \/>\n&#8212;&#8212;&#8212;&#8212;&#8212;<\/p>\n<p><strong>esprimo<\/strong>: Kan man se vad han kukar upp n\u00e4r han \u00e4r h\u00e4r?<br \/>\n<strong>esprimo<\/strong>: Tycker det \u00e4r helt sinnes att han ska kuka upp s\u00e5 pass stor del av en stad bara f\u00f6r att han \u00e4r p\u00e5 bes\u00f6k<br \/>\n<strong>esprimo<\/strong>: K\u00f6r ett j\u00e4vla skypem\u00f6te om det ska vara s\u00e5<br \/>\n<strong>esprimo<\/strong>: M\u00e5ste ju vara bra j\u00e4vla mycket billigare<br \/>\n<strong>esprimo<\/strong>: J\u00e4vla idiotiskt iaf. &#8220;Alla \u00e4r lika v\u00e4rda&#8221; osv, tycker det \u00e4r bra j\u00e4vla overkill<br \/>\n<strong>esprimo<\/strong>: Och undrar hur mycket skattepengar det kostar<br \/>\n<strong>esprimo<\/strong>: V\u00e4l spenderade pengar<br \/>\n<strong>esprimo<\/strong>: Jag har lust att m\u00f6rda honom bara f\u00f6r att visa att det h\u00e4r var helt on\u00f6digt<br \/>\n&#8212;&#8212;&#8212;&#8212;&#8212;<\/p>\n<p><strong>Mattias:<\/strong> fan jag tror det \u00e4r dags att raka sig<br \/>\n<strong>Mattias:<\/strong> mitt sk\u00e4gg luktar ost<br \/>\n&#8212;&#8212;&#8212;&#8212;&#8212;<\/p>\n<p><strong>Helena<\/strong>: Jag vill ha min fina TV-b\u00e4nk!<br \/>\nHur s\u00e5g den ut f\u00f6rresten?<br \/>\n&#8212;&#8212;&#8212;&#8212;&#8212;<\/p>\n<p><strong>Young<\/strong>: Jag ber om urs\u00e4kt om du inte l\u00e4ste min fr\u00e5ga som en fr\u00e5ga, det var inte min mening.<\/p>\n<p>&#8212;&#8212;&#8212;&#8212;&#8212;<\/p>\n<p><strong>plejon<\/strong>: det finns folk som f\u00f6ljer, och det finns folk som leder. sen finns det Jag, som inte pallar varker eller<\/p>\n<p>&#8212;&#8212;&#8212;&#8212;&#8212;<\/p>\n<p><strong>Mattias<\/strong>: jag tror de som tycker om kaffesmaken snarare har stockholmssyndromet \u00e4n att de tycker om kaffesmaken.<\/p>\n<p>&#8212;&#8212;&#8212;&#8212;&#8212;<\/p>\n<p><strong>ESPRIMO<\/strong>: JAG UNDRAR HUR \u00c4LSKAD JAG BLIR SEN<br \/>\n<strong>ESPRIMO<\/strong>: SKIRVER DOKUMMENTATIONEN I CAPS LOCK<\/p>\n<p>&#8212;&#8212;&#8212;&#8212;&#8212;-<\/p>\n<p><strong>Helena<\/strong>: Om de kommer in g\u00e5r jag ut och h\u00e4lsar.<\/p>\n<p>&#8212;&#8212;&#8212;&#8212;&#8212;-<\/p>\n<p><strong>plejon<\/strong>: om n\u00e5n fr\u00e5gar mig vad jag g\u00f6r s\u00e5 s\u00e4ger jag oftast: Vet du var Internet \u00e4r va? (dom svara ja s\u00e5 klart) Ah, det \u00e4r jag som typ \u00e4r kondukt\u00f6ren d\u00e4r, som p\u00e5 en buss?<\/p>\n<p>&#8212;&#8212;&#8212;&#8212;&#8212;-<\/p>\n<p><strong>Helena<\/strong>: Jag k\u00e4nner f\u00f6r att slappna av s\u00e5 jag vill se p\u00e5 folk som sl\u00e5r ihj\u00e4l varandra.<\/p>\n<p>&#8212;&#8212;&#8212;&#8212;-<\/p>\n<p><strong>esprimo<\/strong>: M\u00e5nga s\u00e4ger att jag verkar mer nykter n\u00e4r jag \u00e4r full<\/p>\n<p>&#8212;&#8212;&#8212;&#8212;-<\/p>\n<p><strong>Mattias<\/strong>: man pucklar p\u00e5 sm\u00e5 katter hejvilt i zelda skyward sword<br \/>\n<strong>Mattias<\/strong>: link \u00e4r nog medlem i PETA<\/p>\n<p>&#8212;&#8212;&#8212;&#8212;-<\/p>\n<p><strong>Rolle<\/strong>: C-programmerare \u00e4r lite som f\u00f6rstaklassare, de stoppar g\u00e4rna h\u00e4nderna i fickorna och kommer fram till att 5+5 \u00e4r 11.<\/p>\n<p>&#8212;&#8212;&#8212;&#8212;-<\/p>\n<p><strong>TheSeal<\/strong>: Snart helt isfritt p\u00e5 ballen! yes<\/p>\n<p>&#8212;&#8212;&#8212;&#8212;-<\/p>\n<p><strong>Helena<\/strong>: Inget sl\u00e5r pastasallad med lite blod!<\/p>\n<p>&#8212;&#8212;&#8212;&#8212;-<\/p>\n<p><strong>Helena<\/strong>: Det ser ut som att Gorgonzolan \u00e4r m\u00f6glig.<\/p>\n<p>&#8212;&#8212;&#8212;&#8212;-<\/p>\n<p><strong>Zimmy<\/strong>: HELENA?<br \/>\n<strong>Klas:<\/strong> min f\u00e4stm\u00f6<br \/>\n<strong>Klas:<\/strong> har jag aldrig n\u00e4mnt henne?<br \/>\n<strong>Zimmy<\/strong>: N\u00e4.<br \/>\n<strong>Zimmy<\/strong>: Alltid trott du var oskuld<br \/>\n<strong>Klas:<\/strong> jag har varit ihop med henne l\u00e4ngre \u00e4n vi har k\u00e4nnt varandra =P<br \/>\n<strong>Zimmy:<\/strong> Oskuld\/closet fag, vet inte.<\/p>\n<p>&#8212;&#8212;&#8212;&#8212;-<\/p>\n<p><strong>Mupp:<\/strong> &#8220;Identitetsst\u00f6ld? N\u00e4\u00e4\u00e4\u00e4eeee jag bara KOPIERAR den ju&#8221; :D<\/p>\n<p>&#8212;&#8212;&#8212;&#8212;-<\/p>\n<p><strong>Helena:<\/strong> Det k\u00e4nns som att jag \u00e4r menad att \u00e4ta n\u00e5got, men vi har det inte hemma&#8230;<\/p>\n<p>&#8212;&#8212;&#8212;&#8212;-<\/p>\n<p><strong>Wertigon:<\/strong> (8:48:33 PM) <a href=\"http:\/\/tech.slashdot.org\/story\/10\/05\/03\/1258258\/IE-Market-Share-Falls-To-Historic-Low\">Slashdot\/IE-Market-Share-Falls-To-Historic-Low<\/a><br \/>\n<strong>Wertigon:<\/strong> (8:48:40 PM) I has but one thing to say:<br \/>\n<strong>Wertigon:<\/strong> (8:53:43 PM) Firefox krashade p\u00e5 mig<\/p>\n<p>&#8212;&#8212;&#8212;&#8212;-<\/p>\n<p><strong>Helena:<\/strong> Jag tycker det \u00e4r s\u00e5 kul att se vem som d\u00f6r.<\/p>\n<p>&#8212;&#8212;&#8212;&#8212;-<\/p>\n<p><strong>nothXOR<\/strong>: Livet \u00e4r som matematiklogiken; man \u00e4r efterbliven om man tror att man kan sammanfatta det p\u00e5 n\u00e5gra rader.<\/p>\n<p>&#8212;&#8212;&#8212;&#8212;-<\/p>\n<p><strong>nothXOR:<\/strong> Ni \u00e4r allts\u00e5 uppr\u00f6rda \u00f6ver att ett f\u00e5tal m\u00e4nniskor \u00e4r ointelligenta? OK. D\u00e5 har jag illavarslande nyheter till dig. B\u00e4st du s\u00e4tter dig ned.<\/p>\n<p>&#8212;&#8212;&#8212;&#8212;-<\/p>\n<p><strong>Devil_66:<\/strong> jag gillar h\u00e4st st\u00e4ngsel :D<br \/>\n<strong>Devil_66:<\/strong> &#8220;brukar peta p\u00e5 dom varje g\u00e5ng jag ser ett :D<\/p>\n<p>&#8212;&#8212;&#8212;&#8212;-<\/p>\n<p><strong>nothXOR:<\/strong> Grinden \u00e4r utmanande! ;)<br \/>\n<strong>nothXOR:<\/strong> &#8220;\u00e5h, hur mycket orkar jag egentligen grinda idag innan jag faller ihop halvd\u00f6d?&#8221;<\/p>\n<p>&#8212;&#8212;&#8212;&#8212;-<\/p>\n<p><strong>Helena:<\/strong> Lite trist, jag har blivit av-chipsifierad&#8230;<br \/>\n<strong>Klas:<\/strong> Va?<br \/>\n<strong>Helena:<\/strong> Jag vill ha chips, men jag \u00e4r inte sugen p\u00e5 dem<\/p>\n<p>&#8212;&#8212;&#8212;&#8212;-<\/p>\n<p><strong>Connie:<\/strong> Du kallade mig f\u00f6r en sinnessjuk idiot!<br \/>\n<strong>Morfar:<\/strong> \u00c4r du inte det d\u00e5?<\/p>\n<p>&#8212;&#8212;&#8212;&#8212;-<\/p>\n<p><strong>Klas:<\/strong> Men det \u00e4r inte troligt, jag tror mer p\u00e5 att ungen uppt\u00e4ckt porr.<br \/>\n<strong>David:<\/strong> Hehe, sant, ska g\u00e5 igenom filerna, jag kanske hittar n\u00e5got intressant jag kan spara \u00f6ver&#8230;<\/p>\n<p>&#8212;&#8212;&#8212;&#8212;-<\/p>\n<p><strong>Jonas:<\/strong> Om du d\u00f6r f\u00e5r jag v\u00e4l till\u00e5telse att exrahera gift ur dig?<\/p>\n<p>&#8212;&#8212;&#8212;&#8212;-<\/p>\n<p><strong>Klas:<\/strong> &#8220;This administration does not honeymoon with terrorists!&#8221;<br \/>\n<strong>Lonetech:<\/strong> nej, det \u00e4r fel tempus. de \u00e4r v\u00e4l n\u00e4rmre silver wedding?<\/p>\n<p>&#8212;&#8212;&#8212;&#8212;-<\/p>\n<p><strong>Helena:<\/strong> Jag har f\u00f6rberett mig f\u00f6r intervjun, s\u00e5 jag vet precis vad jag ska svara om hon fr\u00e5gar vilka mina favoritv\u00e4xter \u00e4r.<br \/>\n<strong>Klas:<\/strong> S\u00e5 vad ska du svara?<br \/>\n<strong>Helena:<\/strong> Vad fan var det nu?<\/p>\n<p>&#8212;&#8212;&#8212;&#8212;-<\/p>\n<p><strong>David:<\/strong> Kan inte jag f\u00e5 spela en Belgian Blue?<\/p>\n<p>&#8212;&#8212;&#8212;&#8212;-<\/p>\n<p><strong>Wertigon:<\/strong> Jag \u00e4r helt seri\u00f6s n\u00e4r jag s\u00e4ger att Dia t\u00e4cker alla mina behov<br \/>\n<strong>Wertigon:<\/strong> Och mer d\u00e4rtill<\/p>\n<p>&#8212;&#8212;&#8212;&#8212;-<\/p>\n<p><strong>Klas:<\/strong> jag \u00e4r f\u00f6r \u00f6vrig f\u00f6r att orka med filosofi ocks\u00e5<br \/>\n<strong>Klas:<\/strong> *ivriff<br \/>\n<strong>Klas:<\/strong> *ivrig<\/p>\n<p>&#8212;&#8212;&#8212;&#8212;-<\/p>\n<p><strong>CoopDot<\/strong>: Jag s\u00e5g ett TV-program f\u00f6r j\u00e4ttel\u00e4nge sedan (jag k\u00e4nde inte till Proxxis existens). Sveriges mest &#8220;j\u00e4mnst\u00e4llda&#8221; kommun skulle utses och den som vann hade en majoritet kvinnor i fullm\u00e4ktige (jag har t.o.m f\u00f6r mig att kommunstyrelsen bestod uteslutande av kvinnor). Givetvis var detta en ovetenskaplig unders\u00f6kning men den fick mig att skriva f\u00f6ljande p\u00e5 IRC: &#8220;50% ;kvinnor, 50% m\u00e4n =&gt; 100% j\u00e4mnst\u00e4lldhet. 0% kvinnor, 100% m\u00e4n =&gt; 0% j\u00e4mnst\u00e4lldhet. 100% kvinnor, 0% m\u00e4n =&gt; 200% j\u00e4mnst\u00e4lldhet.&#8221;<\/p>\n<p>&#8212;&#8212;&#8212;&#8212;-<\/p>\n<p><strong>Mattias:<\/strong> om n\u00e5n kille g\u00e5r runt med st\u00e5nd s\u00e5 borde han ju s\u00e4tta p\u00e5 sig<\/p>\n<p>&#8212;&#8212;&#8212;&#8212;-<\/p>\n<p><strong>nothXOR:<\/strong> Ah&#8230; Jag blev \u00e4gd.<\/p>\n<p>&#8212;&#8212;&#8212;&#8212;-<\/p>\n<p><strong>Helena:<\/strong> Vi kan iaf h\u00f6ra varandra.<br \/>\n<strong>Klas:<\/strong> Jag kan INTE h\u00f6ra vad du s\u00e4ger!<\/p>\n<p>&#8212;&#8212;&#8212;&#8212;-<\/p>\n<p><strong>Hendrik:<\/strong> You&#8217;ve got a piece of bread stuck in your beard, it looks gay<br \/>\n<strong>Micke:<\/strong> Piece of bread, are you gay?<\/p>\n<p>&#8212;&#8212;&#8212;&#8212;-<\/p>\n<p><strong>Micke:<\/strong> Helena \u00e4r inte s\u00e5 kvinnlig<br \/>\n<strong>Helena:<\/strong> Tack&#8230;<\/p>\n<p>&#8212;&#8212;&#8212;&#8212;-<\/p>\n<p><strong>Helena:<\/strong> Det var gott f\u00f6r att vara d\u00f6tt<\/p>\n<p>&#8212;&#8212;&#8212;&#8212;-<\/p>\n<p><strong>Masv:<\/strong> Jag ska skriva ett program som genererar kurslitteratur<\/p>\n<p>&#8212;&#8212;&#8212;&#8212;-<\/p>\n<p><strong>Konrad<\/strong>: Vi m\u00e5ste br\u00e4nna alla kommunister s\u00e5 att ingen r\u00f6star p\u00e5 dem.<\/p>\n<p>&#8212;&#8212;&#8212;&#8212;-<\/p>\n<p><strong>Klas:<\/strong> H\u00f6r du, inte hoppa in i mina kalsonger.<\/p>\n<p>&#8212;&#8212;&#8212;&#8212;-<\/p>\n<p><strong>Wertigon:<\/strong> &#8220;S\u00e4tter mig ner p\u00e5 t\u00e5get och noterar tv\u00e5 v\u00e4ldigt fina saker:<br \/>\n<strong>Wertigon:<\/strong> 1. Datorplats. (dvs, har ett elurtag) \\o\/<br \/>\n<strong>Wertigon:<\/strong> 2. Alla som sitter runtomkring mig de n\u00e4rmaste fem raderna i vardera riktning \u00e4r tjejer. I tjugo\u00e5rs\u00e5ldern.<br \/>\n<strong>Wertigon:<\/strong> Det \u00e4r h\u00e4r n\u00e5nstans man h\u00f6r Hallelujah-k\u00f6ren<br \/>\n<strong>Wertigon:<\/strong> 10 minuter senare:<br \/>\n<strong>Wertigon:<\/strong> &#8220;Viktigt meddelande: Ett tr\u00e4d har fallit \u00f6ver sp\u00e5ret. Alla passagerare till ers\u00e4ttningsbussarna.&#8221;<br \/>\n<strong>Wertigon:<\/strong> Sen spenderade jag resten av resan inkl\u00e4md bredvid en stor fet 60-\u00e5ring.&#8221;<\/p>\n<p>&#8212;&#8212;&#8212;&#8212;-<\/p>\n<p><strong>Helena:<\/strong> Han \u00e4r m\u00f6rkbrun med snopp.<\/p>\n<p>&#8212;&#8212;&#8212;&#8212;-<\/p>\n<p><strong>Micke:<\/strong> On my to-do list for the day: Make bad jokes involving the Czech Republic&#8230; Czech!<\/p>\n<p>&#8212;&#8212;&#8212;&#8212;-<\/p>\n<p><strong>Tjodden<\/strong>: Men det \u00e4r bra. Allt blir b\u00e4ttre med nazister.<\/p>\n<p>&#8212;&#8212;&#8212;&#8212;-<\/p>\n<p><strong>Helena:<\/strong> Jag tror det \u00e4r hans huvud, men det kan vara hans bakdel ocks\u00e5<\/p>\n<p>&#8212;&#8212;&#8212;&#8212;-<\/p>\n<p><strong>nothXOR<\/strong>: Nej, men argumentation utan den medf\u00f6ljande analysen \u00e4r som att dricka kaffe med mj\u00f6lk och socker &#8211; dvs j\u00e4vligt vidrigt, och det borde vara ett lagbrott!<\/p>\n<p>&#8212;&#8212;&#8212;&#8212;-<\/p>\n<p><strong>nothXOR:<\/strong> &#8220;Ska lira civ p\u00e5 hela br\u00f6llopsresan hade jag t\u00e4nkt, hehe.&#8221;<\/p>\n<p>&#8212;&#8212;&#8212;&#8212;-<\/p>\n<p><strong>Micke:<\/strong> Jag ska inte alls v\u00e5ldta henne, jag ska ta henne BAKIFR\u00c5N!<\/p>\n","protected":false},"excerpt":{"rendered":"<p>Helena: Vi ska flyga flygplan Freja! Freja: H\u00e4mta stege! &#8212;&#8212;&#8212;&#8212;&#8212; Felicia: Om jag gl\u00f6mmer s\u00e5 s\u00e4ger jag till! &#8212;&#8212;&#8212;&#8212;&#8212; Young: \u00c4h, lite krigsbrott har v\u00e4l ingen d\u00f6tt av? &#8212;&#8212;&#8212;&#8212;&#8212; Aleks: Jag \u00e4r f\u00f6r cool f\u00f6r att snubbla. &#8212;&#8212;&#8212;&#8212;&#8212; Helena: Jag pluggar mode, s\u00e5 jag kan inte s\u00e4ga s\u00e5 mycket. &#8212;&#8212;&#8212;&#8212;&#8212; Helena:&nbsp;D\u00e4r st\u00e5r alla och k\u00f6ar&hellip;<\/p>\n","protected":false},"author":1,"featured_media":0,"parent":0,"menu_order":0,"comment_status":"closed","ping_status":"open","template":"","meta":[],"_links":{"self":[{"href":"https:\/\/hekla.nu\/index.php?rest_route=\/wp\/v2\/pages\/5"}],"collection":[{"href":"https:\/\/hekla.nu\/index.php?rest_route=\/wp\/v2\/pages"}],"about":[{"href":"https:\/\/hekla.nu\/index.php?rest_route=\/wp\/v2\/types\/page"}],"author":[{"embeddable":true,"href":"https:\/\/hekla.nu\/index.php?rest_route=\/wp\/v2\/users\/1"}],"replies":[{"embeddable":true,"href":"https:\/\/hekla.nu\/index.php?rest_route=%2Fwp%2Fv2%2Fcomments&post=5"}],"version-history":[{"count":44,"href":"https:\/\/hekla.nu\/index.php?rest_route=\/wp\/v2\/pages\/5\/revisions"}],"predecessor-version":[{"id":339,"href":"https:\/\/hekla.nu\/index.php?rest_route=\/wp\/v2\/pages\/5\/revisions\/339"}],"wp:attachment":[{"href":"https:\/\/hekla.nu\/index.php?rest_route=%2Fwp%2Fv2%2Fmedia&parent=5"}],"curies":[{"name":"wp","href":"https:\/\/api.w.org\/{rel}","templated":true}]}}